{"id":2177,"date":"2026-02-18T10:01:10","date_gmt":"2026-02-18T13:01:10","guid":{"rendered":"https:\/\/vidriosycuadros.com.ar\/?post_type=product&#038;p=2177"},"modified":"2026-03-16T18:07:09","modified_gmt":"2026-03-16T21:07:09","slug":"espejo-aura","status":"publish","type":"product","link":"https:\/\/vidriosycuadros.com.ar\/?product=espejo-aura","title":{"rendered":"Espejo Redondo Aura"},"content":{"rendered":"<p data-start=\"174\" data-end=\"331\">Espejo (4mm) redondo con terminaci\u00f3n biselada (2cm) e iluminaci\u00f3n LED integrada, ideal para ba\u00f1os y espacios modernos que buscan un detalle elegante y mayor luminosidad.<\/p>\n<ul>\n<li data-start=\"335\" data-end=\"377\"><strong data-start=\"335\" data-end=\"361\">Di\u00e1metros disponibles:<\/strong> 50 cm a 80 cm<\/li>\n<li data-start=\"380\" data-end=\"422\"><strong data-start=\"380\" data-end=\"404\">Terminaci\u00f3n biselada<\/strong> de 2cm alta calidad<\/li>\n<li data-start=\"425\" data-end=\"448\">Luz LED integrada en tonos frio, neutro o calido.<\/li>\n<li data-start=\"451\" data-end=\"474\">Listo para colgar<\/li>\n<li data-start=\"477\" data-end=\"522\">Conexion a boca de electricidad\/enchufe<\/li>\n<li data-start=\"477\" data-end=\"522\">incluye enchufe<\/li>\n<\/ul>\n<p><strong><img decoding=\"async\" class=\"emoji\" role=\"img\" src=\"https:\/\/s.w.org\/images\/core\/emoji\/17.0.2\/svg\/1f4a1.svg\" alt=\"\ud83d\udca1\" \/>\u00a0Opcional: posibilidad de fabricaci\u00f3n en otras medidas a pedido<\/strong><\/p>\n<hr \/>\n<p data-start=\"358\" data-end=\"462\"><span style=\"color: #800000\">Tiempo de entrega 10\/15 dias habiles aproximadamente<\/span><\/p>\n<p data-start=\"358\" data-end=\"462\"><strong data-start=\"48\" data-end=\"80\">Env\u00edos en CABA y GBA (AMBA):<\/strong> Contamos con\u00a0<strong data-start=\"418\" data-end=\"461\">flete propio con garant\u00eda .<\/strong>Una vez confirmada la compra, el pedido pasa a fabricaci\u00f3n. Una vez listo, nos comunicamos y coordinamos la entrega.<\/p>\n<p data-start=\"358\" data-end=\"462\"><img decoding=\"async\" class=\"emoji\" role=\"img\" src=\"https:\/\/s.w.org\/images\/core\/emoji\/17.0.2\/svg\/1f69a.svg\" alt=\"\ud83d\ude9a\" \/>\u00a0Retiro en Los Polvorines, showroom (Av.Pte.Peron 2909,Los polvorines)<\/p>\n<p data-start=\"358\" data-end=\"462\"><img decoding=\"async\" class=\"emoji\" role=\"img\" src=\"https:\/\/s.w.org\/images\/core\/emoji\/17.0.2\/svg\/1f4cc.svg\" alt=\"\ud83d\udccc\" \/><span style=\"color: #800000\">IMPORTANTE:<\/span> NO esta incluido el embalaje ,consultar .La empresa no se responsabiliza por da\u00f1os o roturas durante el traslado.<\/p>\n<p data-start=\"358\" data-end=\"462\">Ante cualquier duda o cotizacion, <strong data-start=\"921\" data-end=\"964\">cons\u00faltanos antes de realizar la compra<\/strong>.<\/p>\n<ul>\n<li>Contacto\u00a0<strong>whatsapp: +11 6160-3402<\/strong><\/li>\n<\/ul>\n","protected":false},"excerpt":{"rendered":"<p>espejo redondo con bordes biselados listo para colgar, varias medidas.<\/p>\n","protected":false},"featured_media":2390,"template":"","meta":[],"product_brand":[],"product_cat":[154,159,155],"product_tag":[72,46,206,207,208,43],"class_list":{"0":"post-2177","1":"product","2":"type-product","3":"status-publish","4":"has-post-thumbnail","6":"product_cat-espejos","7":"product_cat-inteligentes","8":"product_cat-redondos","9":"product_tag-bisel","10":"product_tag-espejo","11":"product_tag-espejo-con-bisel","12":"product_tag-espejo-con-luz-led","13":"product_tag-espejo-redondo","14":"product_tag-led","16":"first","17":"instock","18":"sale","19":"shipping-taxable","20":"purchasable","21":"product-type-variable"},"aioseo_notices":[],"_links":{"self":[{"href":"https:\/\/vidriosycuadros.com.ar\/index.php?rest_route=\/wp\/v2\/product\/2177","targetHints":{"allow":["GET"]}}],"collection":[{"href":"https:\/\/vidriosycuadros.com.ar\/index.php?rest_route=\/wp\/v2\/product"}],"about":[{"href":"https:\/\/vidriosycuadros.com.ar\/index.php?rest_route=\/wp\/v2\/types\/product"}],"wp:featuredmedia":[{"embeddable":true,"href":"https:\/\/vidriosycuadros.com.ar\/index.php?rest_route=\/wp\/v2\/media\/2390"}],"wp:attachment":[{"href":"https:\/\/vidriosycuadros.com.ar\/index.php?rest_route=%2Fwp%2Fv2%2Fmedia&parent=2177"}],"wp:term":[{"taxonomy":"product_brand","embeddable":true,"href":"https:\/\/vidriosycuadros.com.ar\/index.php?rest_route=%2Fwp%2Fv2%2Fproduct_brand&post=2177"},{"taxonomy":"product_cat","embeddable":true,"href":"https:\/\/vidriosycuadros.com.ar\/index.php?rest_route=%2Fwp%2Fv2%2Fproduct_cat&post=2177"},{"taxonomy":"product_tag","embeddable":true,"href":"https:\/\/vidriosycuadros.com.ar\/index.php?rest_route=%2Fwp%2Fv2%2Fproduct_tag&post=2177"}],"curies":[{"name":"wp","href":"https:\/\/api.w.org\/{rel}","templated":true}]}}