{"id":2006,"date":"2026-02-06T17:29:36","date_gmt":"2026-02-06T20:29:36","guid":{"rendered":"https:\/\/vidriosycuadros.com.ar\/?post_type=product&#038;p=2006"},"modified":"2026-03-25T10:49:23","modified_gmt":"2026-03-25T13:49:23","slug":"espejo-king-80x80-con-led","status":"publish","type":"product","link":"https:\/\/vidriosycuadros.com.ar\/?product=espejo-king-80x80-con-led","title":{"rendered":"Espejo Puntas Rectas KING"},"content":{"rendered":"<p data-start=\"165\" data-end=\"348\">Espejo 4mm\u00a0 de dise\u00f1o decorativo con forma esmerilada &amp; luz led calido ,boton TOUCH de escendido y apagado con conexi\u00f3n enchufe, listo para colgar.<\/p>\n<ul>\n<li data-start=\"352\" data-end=\"376\"><strong data-start=\"352\" data-end=\"363\">Medida:<\/strong> 80 x 80 cm<\/li>\n<li data-start=\"352\" data-end=\"376\"><strong>Espesor:<\/strong> 4mm<\/li>\n<li data-start=\"379\" data-end=\"409\"><strong data-start=\"379\" data-end=\"397\">Luz LED c\u00e1lida<\/strong> integrada<\/li>\n<li data-start=\"412\" data-end=\"434\">Forma esmerilada<\/li>\n<li data-start=\"437\" data-end=\"505\"><strong data-start=\"437\" data-end=\"452\">Bot\u00f3n TOUCH<\/strong>\u00a0para encendido, apagado y regulaci\u00f3n de intensidad<\/li>\n<li data-start=\"508\" data-end=\"551\">Conexi\u00f3n directa a <strong data-start=\"527\" data-end=\"551\">boca de electricidad<\/strong><\/li>\n<li data-start=\"508\" data-end=\"551\"><strong>incluye enchufe<\/strong><\/li>\n<\/ul>\n<p><strong><img decoding=\"async\" class=\"emoji\" role=\"img\" src=\"https:\/\/s.w.org\/images\/core\/emoji\/17.0.2\/svg\/1f4a1.svg\" alt=\"\ud83d\udca1\" \/>\u00a0Opcional: posibilidad de fabricaci\u00f3n en otras medidas a pedido<\/strong><\/p>\n<hr \/>\n<p data-start=\"358\" data-end=\"462\"><span style=\"color: #800000\">Tiempo de entrega 10\/15 dias habiles aproximadamente<\/span><\/p>\n<p data-start=\"358\" data-end=\"462\"><strong data-start=\"48\" data-end=\"80\">Env\u00edos en CABA y GBA (AMBA):<\/strong> Contamos con\u00a0<strong data-start=\"418\" data-end=\"461\">flete propio con garant\u00eda .<\/strong>Una vez confirmada la compra, el pedido pasa a fabricaci\u00f3n. Una vez listo, nos comunicamos y coordinamos la entrega.<\/p>\n<p data-start=\"358\" data-end=\"462\"><img decoding=\"async\" class=\"emoji\" role=\"img\" src=\"https:\/\/s.w.org\/images\/core\/emoji\/17.0.2\/svg\/1f69a.svg\" alt=\"\ud83d\ude9a\" \/>\u00a0Retiro en Los Polvorines, showroom (Av.Pte.Peron 2909,Los polvorines)<\/p>\n<p data-start=\"358\" data-end=\"462\"><img decoding=\"async\" class=\"emoji\" role=\"img\" src=\"https:\/\/s.w.org\/images\/core\/emoji\/17.0.2\/svg\/1f4cc.svg\" alt=\"\ud83d\udccc\" \/>IMPORTANTE: NO esta incluido el embalaje ,consultar .La empresa no se responsabiliza por da\u00f1os o roturas durante el traslado.<\/p>\n<p data-start=\"358\" data-end=\"462\">Ante cualquier duda o cotizacion, <strong data-start=\"921\" data-end=\"964\">cons\u00faltanos antes de realizar la compra<\/strong>.<\/p>\n<ul>\n<li>Contacto\u00a0<strong>whatsapp: +11 6160-3402<\/strong><\/li>\n<\/ul>\n","protected":false},"excerpt":{"rendered":"<p>espejo 4mm dise\u00f1o decorativo con forma esmerilada + luz led c\u00e1lida + bot\u00f3n touch ,listo para colgar.<\/p>\n","protected":false},"featured_media":2007,"template":"","meta":[],"product_brand":[],"product_cat":[154,156],"product_tag":[163,75,176,46,194,193,43,165],"class_list":{"0":"post-2006","1":"product","2":"type-product","3":"status-publish","4":"has-post-thumbnail","6":"product_cat-espejos","7":"product_cat-puntas-rectas","8":"product_tag-bano","9":"product_tag-calido","10":"product_tag-cuarto","11":"product_tag-espejo","12":"product_tag-espejo-con-led","13":"product_tag-forma-con-luz","14":"product_tag-led","15":"product_tag-living","17":"first","18":"instock","19":"shipping-taxable","20":"purchasable","21":"product-type-simple"},"aioseo_notices":[],"_links":{"self":[{"href":"https:\/\/vidriosycuadros.com.ar\/index.php?rest_route=\/wp\/v2\/product\/2006","targetHints":{"allow":["GET"]}}],"collection":[{"href":"https:\/\/vidriosycuadros.com.ar\/index.php?rest_route=\/wp\/v2\/product"}],"about":[{"href":"https:\/\/vidriosycuadros.com.ar\/index.php?rest_route=\/wp\/v2\/types\/product"}],"wp:featuredmedia":[{"embeddable":true,"href":"https:\/\/vidriosycuadros.com.ar\/index.php?rest_route=\/wp\/v2\/media\/2007"}],"wp:attachment":[{"href":"https:\/\/vidriosycuadros.com.ar\/index.php?rest_route=%2Fwp%2Fv2%2Fmedia&parent=2006"}],"wp:term":[{"taxonomy":"product_brand","embeddable":true,"href":"https:\/\/vidriosycuadros.com.ar\/index.php?rest_route=%2Fwp%2Fv2%2Fproduct_brand&post=2006"},{"taxonomy":"product_cat","embeddable":true,"href":"https:\/\/vidriosycuadros.com.ar\/index.php?rest_route=%2Fwp%2Fv2%2Fproduct_cat&post=2006"},{"taxonomy":"product_tag","embeddable":true,"href":"https:\/\/vidriosycuadros.com.ar\/index.php?rest_route=%2Fwp%2Fv2%2Fproduct_tag&post=2006"}],"curies":[{"name":"wp","href":"https:\/\/api.w.org\/{rel}","templated":true}]}}