{"id":1955,"date":"2026-02-05T12:41:30","date_gmt":"2026-02-05T15:41:30","guid":{"rendered":"https:\/\/vidriosycuadros.com.ar\/?post_type=product&#038;p=1955"},"modified":"2026-03-16T17:07:07","modified_gmt":"2026-03-16T20:07:07","slug":"espejo-redondo-biselado","status":"publish","type":"product","link":"https:\/\/vidriosycuadros.com.ar\/?product=espejo-redondo-biselado","title":{"rendered":"Espejo Redondo Premium"},"content":{"rendered":"<p data-start=\"125\" data-end=\"274\">Espejo redondo biselado en varias medidas\u00a0 para colgar, ideal para ba\u00f1os, dormitorios y espacios modernos. El bisel le aporta un detalle elegante y una terminaci\u00f3n m\u00e1s sofisticada.<\/p>\n<ul>\n<li data-start=\"278\" data-end=\"320\"><strong data-start=\"301\" data-end=\"318\">Medidas: <\/strong>50 cm a 80 cm (espejo 4mm)<\/li>\n<li data-start=\"278\" data-end=\"320\"><strong data-start=\"323\" data-end=\"336\">bordes biselados<\/strong><\/li>\n<li data-start=\"203\" data-end=\"254\"><strong>Listo para colgar<\/strong><\/li>\n<\/ul>\n<p><strong>\ud83d\udca1 Opcional: <\/strong><\/p>\n<ul>\n<li>posibilidad de agregar luz LED con costo adicional.<\/li>\n<li>Posibilidad de fabricaci\u00f3n en otras medidas a pedido<\/li>\n<\/ul>\n<hr \/>\n<p data-start=\"358\" data-end=\"462\"><span style=\"color: #800000\">Tiempo de entrega 10\/15 dias habiles aproximadamente<\/span><\/p>\n<p data-start=\"358\" data-end=\"462\"><strong data-start=\"48\" data-end=\"80\">Env\u00edos en CABA y GBA (AMBA):<\/strong> Contamos con\u00a0<strong data-start=\"418\" data-end=\"461\">flete propio con garant\u00eda .<\/strong>Una vez confirmada la compra, el pedido pasa a fabricaci\u00f3n. Una vez listo, nos comunicamos y coordinamos la entrega.<\/p>\n<p data-start=\"358\" data-end=\"462\"><img decoding=\"async\" class=\"emoji\" role=\"img\" src=\"https:\/\/s.w.org\/images\/core\/emoji\/17.0.2\/svg\/1f69a.svg\" alt=\"\ud83d\ude9a\" \/>\u00a0Retiro en Los Polvorines, showroom (Av.Pte.Peron 2909,Los polvorines)<\/p>\n<p data-start=\"358\" data-end=\"462\"><img decoding=\"async\" class=\"emoji\" role=\"img\" src=\"https:\/\/s.w.org\/images\/core\/emoji\/17.0.2\/svg\/1f4cc.svg\" alt=\"\ud83d\udccc\" \/>IMPORTANTE: NO esta incluido el embalaje ,consultar .La empresa no se responsabiliza por da\u00f1os o roturas durante el traslado.<\/p>\n<p data-start=\"358\" data-end=\"462\">Ante cualquier duda o cotizacion, <strong data-start=\"921\" data-end=\"964\">cons\u00faltanos antes de realizar la compra<\/strong>.<\/p>\n<ul>\n<li>Contacto\u00a0<strong>whatsapp: +11 6160-3402<\/strong><\/li>\n<\/ul>\n","protected":false},"excerpt":{"rendered":"<p>espejo 4mm redondo con bordes biselados listo para colgar, en varias medidas<\/p>\n","protected":false},"featured_media":2119,"template":"","meta":[],"product_brand":[],"product_cat":[154,155,15],"product_tag":[163,173,72,116,185,49,186,46,165,168],"class_list":{"0":"post-1955","1":"product","2":"type-product","3":"status-publish","4":"has-post-thumbnail","6":"product_cat-espejos","7":"product_cat-redondos","8":"product_cat-uncategorized","9":"product_tag-bano","10":"product_tag-barato","11":"product_tag-bisel","12":"product_tag-biselado","13":"product_tag-casa","14":"product_tag-deco","15":"product_tag-elegante","16":"product_tag-espejo","17":"product_tag-living","18":"product_tag-moderno","20":"first","21":"instock","22":"sale","23":"shipping-taxable","24":"purchasable","25":"product-type-variable"},"aioseo_notices":[],"_links":{"self":[{"href":"https:\/\/vidriosycuadros.com.ar\/index.php?rest_route=\/wp\/v2\/product\/1955","targetHints":{"allow":["GET"]}}],"collection":[{"href":"https:\/\/vidriosycuadros.com.ar\/index.php?rest_route=\/wp\/v2\/product"}],"about":[{"href":"https:\/\/vidriosycuadros.com.ar\/index.php?rest_route=\/wp\/v2\/types\/product"}],"wp:featuredmedia":[{"embeddable":true,"href":"https:\/\/vidriosycuadros.com.ar\/index.php?rest_route=\/wp\/v2\/media\/2119"}],"wp:attachment":[{"href":"https:\/\/vidriosycuadros.com.ar\/index.php?rest_route=%2Fwp%2Fv2%2Fmedia&parent=1955"}],"wp:term":[{"taxonomy":"product_brand","embeddable":true,"href":"https:\/\/vidriosycuadros.com.ar\/index.php?rest_route=%2Fwp%2Fv2%2Fproduct_brand&post=1955"},{"taxonomy":"product_cat","embeddable":true,"href":"https:\/\/vidriosycuadros.com.ar\/index.php?rest_route=%2Fwp%2Fv2%2Fproduct_cat&post=1955"},{"taxonomy":"product_tag","embeddable":true,"href":"https:\/\/vidriosycuadros.com.ar\/index.php?rest_route=%2Fwp%2Fv2%2Fproduct_tag&post=1955"}],"curies":[{"name":"wp","href":"https:\/\/api.w.org\/{rel}","templated":true}]}}